{"id":12976,"date":"2022-10-20T13:27:42","date_gmt":"2022-10-20T13:27:42","guid":{"rendered":"https:\/\/www.mcsenergy.shop\/cart\/"},"modified":"2023-06-28T09:43:00","modified_gmt":"2023-06-28T09:43:00","slug":"cart","status":"publish","type":"page","link":"https:\/\/www.mcsenergy.shop\/en\/cart\/","title":{"rendered":"Cart"},"content":{"rendered":"\t\t<div data-elementor-type=\"wp-page\" data-elementor-id=\"12976\" class=\"elementor elementor-12976 elementor-7\" data-elementor-post-type=\"page\">\n\t\t\t\t\t\t<section class=\"elementor-section elementor-top-section elementor-element elementor-element-d853264 elementor-section-boxed elementor-section-height-default elementor-section-height-default\" data-id=\"d853264\" data-element_type=\"section\" data-e-type=\"section\">\n\t\t\t\t\t\t<div class=\"elementor-container elementor-column-gap-default\">\n\t\t\t\t\t<div class=\"elementor-column elementor-col-100 elementor-top-column elementor-element elementor-element-f9264e2\" data-id=\"f9264e2\" data-element_type=\"column\" data-e-type=\"column\">\n\t\t\t<div class=\"elementor-widget-wrap elementor-element-populated\">\n\t\t\t\t\t\t<div class=\"elementor-element elementor-element-fa46eee elementor-widget elementor-widget-heading\" data-id=\"fa46eee\" data-element_type=\"widget\" data-e-type=\"widget\" data-widget_type=\"heading.default\">\n\t\t\t\t<div class=\"elementor-widget-container\">\n\t\t\t\t\t<h2 class=\"elementor-heading-title elementor-size-default\">Cart<\/h2>\t\t\t\t<\/div>\n\t\t\t\t<\/div>\n\t\t\t\t\t<\/div>\n\t\t<\/div>\n\t\t\t\t\t<\/div>\n\t\t<\/section>\n\t\t\t\t<section class=\"elementor-section elementor-top-section elementor-element elementor-element-d42e5fa elementor-section-boxed elementor-section-height-default elementor-section-height-default\" data-id=\"d42e5fa\" data-element_type=\"section\" data-e-type=\"section\">\n\t\t\t\t\t\t<div class=\"elementor-container elementor-column-gap-default\">\n\t\t\t\t\t<div class=\"elementor-column elementor-col-100 elementor-top-column elementor-element elementor-element-c1ba289\" data-id=\"c1ba289\" data-element_type=\"column\" data-e-type=\"column\">\n\t\t\t<div class=\"elementor-widget-wrap elementor-element-populated\">\n\t\t\t\t\t\t\t<\/div>\n\t\t<\/div>\n\t\t\t\t\t<\/div>\n\t\t<\/section>\n\t\t\t\t<\/div>\n\t\t","protected":false},"excerpt":{"rendered":"<p>Cart Rimuovi articolo Miniatura immagine Prodotto Prezzo Quantit\u00e0 Subtotale &times; 66.00.544-20 3.925,00&nbsp;&euro; 66.00.544-20 quantit\u00e0 7.850,00&nbsp;&euro; &times; GK3-5 63,70&nbsp;&euro; GK3-5 quantit\u00e0 127,40&nbsp;&euro; &times; MBP1800 275,00&nbsp;&euro; MBP1800 quantit\u00e0 1.650,00&nbsp;&euro; &times; 66.00.362-12 1.950,00&nbsp;&euro; 66.00.362-12 quantit\u00e0 1.950,00&nbsp;&euro; Svuota carrello Update Cart Total Cart Subtotale 11.577,40&nbsp;&euro; Spedizione Porto franco con addebito in fattura Costi applicati secondo lotti di consegna IVA&hellip; <a class=\"more-link\" href=\"https:\/\/www.mcsenergy.shop\/en\/cart\/\">Continue reading <span class=\"screen-reader-text\">Cart<\/span><\/a><\/p>\n","protected":false},"author":1,"featured_media":0,"parent":0,"menu_order":0,"comment_status":"closed","ping_status":"closed","template":"elementor_header_footer","meta":{"_acf_changed":false,"inline_featured_image":false,"footnotes":""},"class_list":["post-12976","page","type-page","status-publish","hentry","entry"],"acf":[],"_links":{"self":[{"href":"https:\/\/www.mcsenergy.shop\/en\/wp-json\/wp\/v2\/pages\/12976","targetHints":{"allow":["GET"]}}],"collection":[{"href":"https:\/\/www.mcsenergy.shop\/en\/wp-json\/wp\/v2\/pages"}],"about":[{"href":"https:\/\/www.mcsenergy.shop\/en\/wp-json\/wp\/v2\/types\/page"}],"author":[{"embeddable":true,"href":"https:\/\/www.mcsenergy.shop\/en\/wp-json\/wp\/v2\/users\/1"}],"replies":[{"embeddable":true,"href":"https:\/\/www.mcsenergy.shop\/en\/wp-json\/wp\/v2\/comments?post=12976"}],"version-history":[{"count":4,"href":"https:\/\/www.mcsenergy.shop\/en\/wp-json\/wp\/v2\/pages\/12976\/revisions"}],"predecessor-version":[{"id":18604,"href":"https:\/\/www.mcsenergy.shop\/en\/wp-json\/wp\/v2\/pages\/12976\/revisions\/18604"}],"wp:attachment":[{"href":"https:\/\/www.mcsenergy.shop\/en\/wp-json\/wp\/v2\/media?parent=12976"}],"curies":[{"name":"wp","href":"https:\/\/api.w.org\/{rel}","templated":true}]}}